{"id":18,"date":"2024-03-13T19:34:40","date_gmt":"2024-03-13T22:34:40","guid":{"rendered":"https:\/\/denuncias.geriba.com.br\/?page_id=18"},"modified":"2024-03-19T10:48:39","modified_gmt":"2024-03-19T13:48:39","slug":"denuncias","status":"publish","type":"page","link":"https:\/\/denuncias.geriba.com.br\/","title":{"rendered":"DEN\u00daNCIAS"},"content":{"rendered":"\t<section class=\"section dark\" id=\"section_193614873\">\n\t\t<div class=\"bg section-bg fill bg-fill  \" >\n\n\t\t\t\n\t\t\t<button class=\"scroll-for-more z-5 icon absolute bottom h-center\" aria-label=\"Scroll for more\"><i class=\"icon-angle-down\" style=\"font-size:42px;\" ><\/i><\/button>\n\t\t\t\n\n\t\t<\/div>\n\n\t\t\n\n\t\t<div class=\"section-content relative\">\n\t\t\t\n<div class=\"row row-large align-middle align-center\"  id=\"row-1757679429\">\n\n\t<div id=\"col-750774867\" class=\"col medium-4 small-12 large-4\"  >\n\t\t\t\t<div class=\"col-inner\"  >\n\t\t\t\n\t\t\t\n\t\t<\/div>\n\t\t\t\t\t<\/div>\n\n\t\n\n\t<div id=\"col-388665608\" class=\"col small-12 large-12\"  >\n\t\t\t\t<div class=\"col-inner text-center\"  >\n\t\t\t\n\t\t\t\n\t<div id=\"text-298227149\" class=\"text\">\n\t\t\n<h2><strong>Canal de den\u00fancias e sugest\u00f5es<\/strong><\/h2>\n\t\t\n<style>\n#text-298227149 {\n  font-size: 1.5rem;\n  text-align: center;\n}\n<\/style>\n\t<\/div>\n\t\n\t<div id=\"gap-2077718223\" class=\"gap-element clearfix\" style=\"display:block; height:auto;\">\n\t\t\n<style>\n#gap-2077718223 {\n  padding-top: 20px;\n}\n<\/style>\n\t<\/div>\n\t\n\t<div class=\"img has-hover x md-x lg-x y md-y lg-y\" id=\"image_2031692591\">\n\t\t\t\t\t\t\t\t<div class=\"img-inner dark\" >\n\t\t\t<img loading=\"lazy\" decoding=\"async\" width=\"1020\" height=\"252\" src=\"https:\/\/denuncias.geriba.com.br\/wp-content\/uploads\/2024\/03\/ssdasdasd-1024x253.png\" class=\"attachment-large size-large\" alt=\"\" srcset=\"https:\/\/denuncias.geriba.com.br\/wp-content\/uploads\/2024\/03\/ssdasdasd-1024x253.png 1024w, https:\/\/denuncias.geriba.com.br\/wp-content\/uploads\/2024\/03\/ssdasdasd-600x148.png 600w, https:\/\/denuncias.geriba.com.br\/wp-content\/uploads\/2024\/03\/ssdasdasd-300x74.png 300w, https:\/\/denuncias.geriba.com.br\/wp-content\/uploads\/2024\/03\/ssdasdasd-768x190.png 768w, https:\/\/denuncias.geriba.com.br\/wp-content\/uploads\/2024\/03\/ssdasdasd.png 1466w\" sizes=\"auto, (max-width: 1020px) 100vw, 1020px\" \/>\t\t\t\t\t\t\n\t\t\t\t\t<\/div>\n\t\t\t\t\t\t\t\t\n<style>\n#image_2031692591 {\n  width: 80%;\n}\n@media (min-width:550px) {\n  #image_2031692591 {\n    width: 70%;\n  }\n}\n<\/style>\n\t<\/div>\n\t\n\t<div id=\"gap-1566230454\" class=\"gap-element clearfix\" style=\"display:block; height:auto;\">\n\t\t\n<style>\n#gap-1566230454 {\n  padding-top: 20px;\n}\n<\/style>\n\t<\/div>\n\t\n<div class=\"row\"  id=\"row-521017243\">\n\n\t<div id=\"col-963453654\" class=\"col medium-9 small-12 large-9\"  >\n\t\t\t\t<div class=\"col-inner\"  >\n\t\t\t\n\t\t\t\n<h2>Bem-vindo ao nosso Canal de Den\u00fancias e Sugest\u00f5es.<\/h2>\n<p>Este \u00e9 um espa\u00e7o seguro para voc\u00ea reportar condutas inadequadas, irregularidades ou compartilhar sugest\u00f5es para melhorarmos nossas opera\u00e7\u00f5es.<\/p>\n<p>Sua contribui\u00e7\u00e3o \u00e9 fundamental para mantermos um ambiente de trabalho \u00e9tico e produtivo. Todas as informa\u00e7\u00f5es s\u00e3o tratadas com confidencialidade e encaminhadas ao comit\u00ea respons\u00e1vel para an\u00e1lise e a\u00e7\u00e3o adequada.<\/p>\n<p>Agradecemos sua colabora\u00e7\u00e3o em construir uma empresa melhor juntos.<\/p>\n\t\t<\/div>\n\t\t\t\t\t<\/div>\n\n\t\n<\/div>\n\t\t<\/div>\n\t\t\t\t\t<\/div>\n\n\t\n<\/div>\n\t\t<\/div>\n\n\t\t\n<style>\n#section_193614873 {\n  padding-top: 30px;\n  padding-bottom: 30px;\n  min-height: 600px;\n}\n#section_193614873 .section-bg.bg-loaded {\n  background-image: url(https:\/\/denuncias.geriba.com.br\/wp-content\/uploads\/2024\/03\/GERIBA-BANNER_WEB_2550X700.jpg);\n}\n#section_193614873 .section-bg {\n  background-position: 63% 50%;\n}\n<\/style>\n\t<\/section>\n\t\n\t<section class=\"section\" id=\"section_709289584\">\n\t\t<div class=\"bg section-bg fill bg-fill  bg-loaded\" >\n\n\t\t\t\n\t\t\t\n\t\t\t\n\n\t\t<\/div>\n\n\t\t\n\n\t\t<div class=\"section-content relative\">\n\t\t\t\n<div class=\"row\"  id=\"row-2043579585\">\n\n\t<div id=\"col-1207528133\" class=\"col small-12 large-12\"  >\n\t\t\t\t<div class=\"col-inner text-center\"  >\n\t\t\t\n\t\t\t\n<h3>Prezado(a) Denunciante, este canal de comunica\u00e7\u00e3o entre o voc\u00ea e o Grupo Geriba foi criado como um canal leg\u00edtimo para o recebimento de sua den\u00fancia. Abaixo segue formul\u00e1rio para ser preenchido, garantimos o total sigilo de suas informa\u00e7\u00f5es caso se sinta \u00e0 vontade para se identificar.<\/h3>\n\t\t<\/div>\n\t\t\t\t\t<\/div>\n\n\t\n\n\t<div id=\"col-90650549\" class=\"col small-12 large-12\"  >\n\t\t\t\t<div class=\"col-inner\"  >\n\t\t\t\n\t\t\t\n\n<div class=\"wpcf7 no-js\" id=\"wpcf7-f34-o1\" lang=\"pt-BR\" dir=\"ltr\">\n<div class=\"screen-reader-response\"><p role=\"status\" aria-live=\"polite\" aria-atomic=\"true\"><\/p> <ul><\/ul><\/div>\n<form action=\"\/index.php\/wp-json\/wp\/v2\/pages\/18#wpcf7-f34-o1\" method=\"post\" class=\"wpcf7-form init\" aria-label=\"Formul\u00e1rios de contato\" enctype=\"multipart\/form-data\" novalidate=\"novalidate\" data-status=\"init\">\n<div style=\"display: none;\">\n<input type=\"hidden\" name=\"_wpcf7\" value=\"34\" \/>\n<input type=\"hidden\" name=\"_wpcf7_version\" value=\"5.9.2\" \/>\n<input type=\"hidden\" name=\"_wpcf7_locale\" value=\"pt_BR\" \/>\n<input type=\"hidden\" name=\"_wpcf7_unit_tag\" value=\"wpcf7-f34-o1\" \/>\n<input type=\"hidden\" name=\"_wpcf7_container_post\" value=\"0\" \/>\n<input type=\"hidden\" name=\"_wpcf7_posted_data_hash\" value=\"\" \/>\n<\/div>\n<div class=\"row text-center\">\n\t<div class=\"col medium-6 small-12 large-6 mb-3\">\n\t\t<p><label>A den\u00fancia seria para qual empresa?<\/label><br \/>\n<span class=\"wpcf7-form-control-wrap\" data-name=\"radio-999\"><span class=\"wpcf7-form-control wpcf7-radio\"><span class=\"wpcf7-list-item first\"><input type=\"radio\" name=\"radio-999\" value=\"Geriba\" checked=\"checked\" \/><span class=\"wpcf7-list-item-label\">Geriba<\/span><\/span><span class=\"wpcf7-list-item last\"><input type=\"radio\" name=\"radio-999\" value=\"Gestl\u00ea\" \/><span class=\"wpcf7-list-item-label\">Gestl\u00ea<\/span><\/span><\/span><\/span>\n\t\t<\/p>\n\t<\/div>\n<\/div>\n<div class=\"row text-center\">\n\t<div class=\"col medium-6 small-12 large-6 mb-3\">\n\t\t<p><label>01 - Voc\u00ea trabalha no grupo Geriba?<\/label><br \/>\n<span class=\"wpcf7-form-control-wrap\" data-name=\"radio-941\"><span class=\"wpcf7-form-control wpcf7-radio\"><span class=\"wpcf7-list-item first\"><input type=\"radio\" name=\"radio-941\" value=\"Sim\" checked=\"checked\" \/><span class=\"wpcf7-list-item-label\">Sim<\/span><\/span><span class=\"wpcf7-list-item last\"><input type=\"radio\" name=\"radio-941\" value=\"N\u00e3o\" \/><span class=\"wpcf7-list-item-label\">N\u00e3o<\/span><\/span><\/span><\/span>\n\t\t<\/p>\n\t<\/div>\n<\/div>\n<div class=\"row text-center\">\n\t<div class=\"col medium-6 small-12 large-6 mb-3\">\n\t\t<p><label>02 - O que voc\u00ea quer relatar?<\/label><br \/>\n<span class=\"wpcf7-form-control-wrap\" data-name=\"radio-29\"><span class=\"wpcf7-form-control wpcf7-radio\"><span class=\"wpcf7-list-item first\"><input type=\"radio\" name=\"radio-29\" value=\"Den\u00fancia\" checked=\"checked\" \/><span class=\"wpcf7-list-item-label\">Den\u00fancia<\/span><\/span><span class=\"wpcf7-list-item last\"><input type=\"radio\" name=\"radio-29\" value=\"Sugest\u00e3o\" \/><span class=\"wpcf7-list-item-label\">Sugest\u00e3o<\/span><\/span><\/span><\/span>\n\t\t<\/p>\n\t<\/div>\n<\/div>\n<div class=\"row text-center\">\n\t<div class=\"col medium-12 small-12 large-12 mb-3 text-center\">\n\t\t<p><label>03 - A sua preocupa\u00e7\u00e3o \u00e9 sobre quais fatos?<\/label><br \/>\n<span class=\"wpcf7-form-control-wrap\" data-name=\"textarea-171\"><textarea cols=\"40\" rows=\"10\" class=\"wpcf7-form-control wpcf7-textarea wpcf7-validates-as-required\" aria-required=\"true\" aria-invalid=\"false\" placeholder=\"Insira uma breve descri\u00e7\u00e3o do ocorrido\" name=\"textarea-171\"><\/textarea><\/span>\n\t\t<\/p>\n\t<\/div>\n<\/div>\n<div class=\"row text-center\">\n\t<div class=\"col medium-12 small-12 large-12 mb-3 text-center\">\n\t\t<p><label>04 - Detalhe o fato ocorrido:<\/label>\n\t\t<\/p>\n\t<\/div>\n<\/div>\n<div class=\"row text-center\">\n\t<div class=\"col medium-12 small-12 large-12 mb-3\">\n\t\t<p><label>Local do ocorrido:<\/label><br \/>\n<span class=\"wpcf7-form-control-wrap\" data-name=\"text-861\"><input size=\"40\" class=\"wpcf7-form-control wpcf7-text wpcf7-validates-as-required\" aria-required=\"true\" aria-invalid=\"false\" placeholder=\"Onde o fato aconteceu?\" value=\"\" type=\"text\" name=\"text-861\" \/><\/span>\n\t\t<\/p>\n\t<\/div>\n<\/div>\n<div class=\"row text-center\">\n\t<div class=\"col medium-6 small-12 large-6 mb-3\">\n\t\t<p><label>Data do ocorrido:<\/label><br \/>\n<span class=\"wpcf7-form-control-wrap\" data-name=\"date-957\"><input class=\"wpcf7-form-control wpcf7-date wpcf7-validates-as-required wpcf7-validates-as-date\" aria-required=\"true\" aria-invalid=\"false\" value=\"\" type=\"date\" name=\"date-957\" \/><\/span>\n\t\t<\/p>\n\t<\/div>\n\t<div class=\"col medium-6 small-12 large-6 mb-3\">\n\t\t<p><label>Hora do ocorrido:<\/label><br \/>\n<span class=\"wpcf7-form-control-wrap\" data-name=\"text-650\"><input size=\"40\" class=\"wpcf7-form-control wpcf7-text wpcf7-validates-as-required walcf7-timepicker\" aria-required=\"true\" aria-invalid=\"false\" value=\"\" type=\"text\" name=\"text-650\" \/><\/span>\n\t\t<\/p>\n\t<\/div>\n<\/div>\n<div class=\"row text-center\">\n\t<div class=\"col medium-12 small-12 large-12 mb-3\">\n\t\t<p><label>Nome do Envolvido:*<\/label><br \/>\n<span class=\"wpcf7-form-control-wrap\" data-name=\"text-859\"><input size=\"40\" class=\"wpcf7-form-control wpcf7-text wpcf7-validates-as-required\" aria-required=\"true\" aria-invalid=\"false\" placeholder=\"Insira o nome de quem esteve envolvido\" value=\"\" type=\"text\" name=\"text-859\" \/><\/span>\n\t\t<\/p>\n\t<\/div>\n<\/div>\n<div class=\"row text-center\">\n\t<div class=\"col medium-12 small-12 large-12 mb-3\">\n\t\t<p><label>Nome da Testemunha:<\/label><br \/>\n<span class=\"wpcf7-form-control-wrap\" data-name=\"text-860\"><input size=\"40\" class=\"wpcf7-form-control wpcf7-text\" aria-invalid=\"false\" placeholder=\"Insira aqui o nome das testemunhas (caso tenha)\" value=\"\" type=\"text\" name=\"text-860\" \/><\/span>\n\t\t<\/p>\n\t<\/div>\n<\/div>\n<div class=\"row text-center\">\n\t<div class=\"col medium-12 small-12 large-12 mb-3\">\n\t\t<p><label>Relato do ocorrido:<\/label><br \/>\n<span class=\"wpcf7-form-control-wrap\" data-name=\"textarea-170\"><textarea cols=\"40\" rows=\"10\" class=\"wpcf7-form-control wpcf7-textarea wpcf7-validates-as-required\" aria-required=\"true\" aria-invalid=\"false\" placeholder=\"Conte para n\u00f3s mais detalhadamente o que aconteceu\" name=\"textarea-170\"><\/textarea><\/span>\n\t\t<\/p>\n\t<\/div>\n<\/div>\n<div class=\"row text-center\">\n\t<div class=\"col medium-12 small-12 large-12 mb-3\">\n\t\t<p><label>Se voc\u00ea possui algum documento, foto, v\u00eddeo, \u00e1udio ou depoimentos que queira anexar, \u00e9 s\u00f3 utilizar o envio do arquivo abaixo:<\/label><br \/>\n<span class=\"wpcf7-form-control-wrap\" data-name=\"file-48\"><input size=\"40\" class=\"wpcf7-form-control wpcf7-file\" accept=\"audio\/*,video\/*,image\/*,.txt,application\/pdf\" aria-invalid=\"false\" type=\"file\" name=\"file-48\" \/><\/span>\n\t\t<\/p>\n\t<\/div>\n<\/div>\n<div class=\"row text-center\">\n\t<div class=\"col medium-12 small-12 large-12 mb-3 text-center\">\n\t\t<p><label><span class=\"wpcf7-form-control-wrap\" data-name=\"acceptance-917\"><span class=\"wpcf7-form-control wpcf7-acceptance optional\"><span class=\"wpcf7-list-item\"><label><input type=\"checkbox\" name=\"acceptance-917\" value=\"1\" aria-invalid=\"false\" \/><span class=\"wpcf7-list-item-label\">N\u00e3o quero divulgar meus dados e concordo em n\u00e3o receber mais informa\u00e7\u00f5es sobre o fato ocorrido.<\/span><\/label><\/span><\/span><\/span><\/label>\n\t\t<\/p>\n\t<\/div>\n<\/div>\n<div class=\"row justify-content-center mt-4\">\n\t<div class=\"col medium-6 small-12 large-6 text-center\">\n\t\t<p><input class=\"wpcf7-form-control wpcf7-submit has-spinner\" type=\"submit\" value=\"Enviar\" \/>\n\t\t<\/p>\n\t<\/div>\n<\/div><div class=\"wpcf7-response-output\" aria-hidden=\"true\"><\/div>\n<\/form>\n<\/div>\n\n\t\t<\/div>\n\t\t\t\t\t<\/div>\n\n\t\n<\/div>\n\t\t<\/div>\n\n\t\t\n<style>\n#section_709289584 {\n  padding-top: 60px;\n  padding-bottom: 60px;\n  background-color: rgb(250, 250, 250);\n}\n<\/style>\n\t<\/section>\n\t\n","protected":false},"excerpt":{"rendered":"","protected":false},"author":1,"featured_media":0,"parent":0,"menu_order":0,"comment_status":"closed","ping_status":"closed","template":"page-blank-landingpage.php","meta":{"footnotes":""},"class_list":["post-18","page","type-page","status-publish","hentry"],"_links":{"self":[{"href":"https:\/\/denuncias.geriba.com.br\/index.php\/wp-json\/wp\/v2\/pages\/18","targetHints":{"allow":["GET"]}}],"collection":[{"href":"https:\/\/denuncias.geriba.com.br\/index.php\/wp-json\/wp\/v2\/pages"}],"about":[{"href":"https:\/\/denuncias.geriba.com.br\/index.php\/wp-json\/wp\/v2\/types\/page"}],"author":[{"embeddable":true,"href":"https:\/\/denuncias.geriba.com.br\/index.php\/wp-json\/wp\/v2\/users\/1"}],"replies":[{"embeddable":true,"href":"https:\/\/denuncias.geriba.com.br\/index.php\/wp-json\/wp\/v2\/comments?post=18"}],"version-history":[{"count":19,"href":"https:\/\/denuncias.geriba.com.br\/index.php\/wp-json\/wp\/v2\/pages\/18\/revisions"}],"predecessor-version":[{"id":56,"href":"https:\/\/denuncias.geriba.com.br\/index.php\/wp-json\/wp\/v2\/pages\/18\/revisions\/56"}],"wp:attachment":[{"href":"https:\/\/denuncias.geriba.com.br\/index.php\/wp-json\/wp\/v2\/media?parent=18"}],"curies":[{"name":"wp","href":"https:\/\/api.w.org\/{rel}","templated":true}]}}